{"id":5911,"date":"2024-08-08T14:42:34","date_gmt":"2024-08-08T12:42:34","guid":{"rendered":"https:\/\/www.museocasaconsole.ch\/?page_id=5911"},"modified":"2026-03-11T13:29:24","modified_gmt":"2026-03-11T12:29:24","slug":"tatigkeiten","status":"publish","type":"page","link":"https:\/\/www.museocasaconsole.ch\/?page_id=5911&lang=de","title":{"rendered":"VERANSTALTUNGEN"},"content":{"rendered":"\t\t<div data-elementor-type=\"wp-page\" data-elementor-id=\"5911\" class=\"elementor elementor-5911\">\n\t\t\t\t<div class=\"elementor-element elementor-element-775710e e-flex e-con-boxed e-con e-parent\" data-id=\"775710e\" data-element_type=\"container\" data-e-type=\"container\">\n\t\t\t\t\t<div class=\"e-con-inner\">\n\t\t\t\t<div class=\"elementor-element elementor-element-e4afb9f elementor-widget elementor-widget-heading\" data-id=\"e4afb9f\" data-element_type=\"widget\" data-e-type=\"widget\" data-widget_type=\"heading.default\">\n\t\t\t\t<div class=\"elementor-widget-container\">\n\t\t\t\t\t<h2 class=\"elementor-heading-title elementor-size-default\">KONZERTE UND KULTURELLE VERANSTALTUNGEN<\/h2>\t\t\t\t<\/div>\n\t\t\t\t<\/div>\n\t\t\t\t\t<\/div>\n\t\t\t\t<\/div>\n\t\t<div class=\"elementor-element elementor-element-9da806a e-flex e-con-boxed e-con e-parent\" data-id=\"9da806a\" data-element_type=\"container\" data-e-type=\"container\">\n\t\t\t\t\t<div class=\"e-con-inner\">\n\t\t\t\t<div class=\"elementor-element elementor-element-1dd8595 elementor-widget elementor-widget-text-editor\" data-id=\"1dd8595\" data-element_type=\"widget\" data-e-type=\"widget\" data-widget_type=\"text-editor.default\">\n\t\t\t\t<div class=\"elementor-widget-container\">\n\t\t\t\t\t\t\t\t\t<p>Seit ihrer Gr\u00fcndung organisiert die Stiftung auf eigene Initiative oder in Zusammenarbeit mit Puschlaver Kulturvereinen Konzerte und andere Veranstaltungen. Renommierte K\u00fcnstlerinnen und K\u00fcnstler sowie Musikensembles verschiedenster Genres sind gerne zu Gast in der Casa Console.<\/p><p><strong>\u00a0Mehr Informationen:<\/strong><a href=\"https:\/\/www.museocasaconsole.ch\/wp-content\/uploads\/2014\/01\/Manifestazioni_IT.pdf\"><br \/><\/a><a href=\"https:\/\/www.museocasaconsole.ch\/wp-content\/uploads\/2025\/03\/Veranstaltungen-2025.pdf\">&gt; Veranstaltungen 2025<\/a><\/p>\t\t\t\t\t\t\t\t<\/div>\n\t\t\t\t<\/div>\n\t\t\t\t\t<\/div>\n\t\t\t\t<\/div>\n\t\t<div class=\"elementor-element elementor-element-7f2eda1 e-flex e-con-boxed e-con e-parent\" data-id=\"7f2eda1\" data-element_type=\"container\" data-e-type=\"container\">\n\t\t\t\t\t<div class=\"e-con-inner\">\n\t\t\t\t<div class=\"elementor-element elementor-element-45f47a5 elementor-widget elementor-widget-heading\" data-id=\"45f47a5\" data-element_type=\"widget\" data-e-type=\"widget\" data-widget_type=\"heading.default\">\n\t\t\t\t<div class=\"elementor-widget-container\">\n\t\t\t\t\t<h2 class=\"elementor-heading-title elementor-size-default\">MALKURSE<\/h2>\t\t\t\t<\/div>\n\t\t\t\t<\/div>\n\t\t\t\t\t<\/div>\n\t\t\t\t<\/div>\n\t\t<div class=\"elementor-element elementor-element-e02e300 e-flex e-con-boxed e-con e-parent\" data-id=\"e02e300\" data-element_type=\"container\" data-e-type=\"container\">\n\t\t\t\t\t<div class=\"e-con-inner\">\n\t\t\t\t<div class=\"elementor-element elementor-element-b03688a elementor-widget elementor-widget-text-editor\" data-id=\"b03688a\" data-element_type=\"widget\" data-e-type=\"widget\" data-widget_type=\"text-editor.default\">\n\t\t\t\t<div class=\"elementor-widget-container\">\n\t\t\t\t\t\t\t\t\t<p>Zeichen- und Malbegeisterten k\u00f6nnen in Kursen unter der Leitung erfahrener Dozenten ihre F\u00e4higkeiten erweitern. Der theoretische und praktische Unterricht findet nach M\u00f6glichkeit im Freien statt.<\/p><p>Zu diesen Anl\u00e4ssen verwandelt sich der Konzertsaal im dritten Stock in ein Malatelier. Ein Ort, um seiner k\u00fcnstlerischen Ader freien Lauf zu lassen und dabei Tipps, Erfahrungen und Gespr\u00e4che auszutauschen.<\/p><h2>Malkurs mit Gerhard Mangold<\/h2><p><strong>Montag 15. bis Freitag 19. September 2025<\/strong><br \/>Wir bieten einen dynamischen und abwechslungsreichen Aquarellmalkurs an. Neben den Stunden im Atelier sind in diesem Jahr auch einige Gesellschaftsabende geplant. <br \/>Bitte nehmen Sie f\u00fcr Informationen Kontakt mit uns auf.<\/p>\t\t\t\t\t\t\t\t<\/div>\n\t\t\t\t<\/div>\n\t\t\t\t<div class=\"elementor-element elementor-element-15df4e6 elementor-widget elementor-widget-image\" data-id=\"15df4e6\" data-element_type=\"widget\" data-e-type=\"widget\" data-widget_type=\"image.default\">\n\t\t\t\t<div class=\"elementor-widget-container\">\n\t\t\t\t\t\t\t\t\t\t\t\t\t\t\t<img decoding=\"async\" src=\"https:\/\/www.museocasaconsole.ch\/wp-content\/uploads\/2024\/11\/corso-Appold.jpg\" title=\"\" alt=\"\" loading=\"lazy\" \/>\t\t\t\t\t\t\t\t\t\t\t\t\t\t\t<\/div>\n\t\t\t\t<\/div>\n\t\t\t\t\t<\/div>\n\t\t\t\t<\/div>\n\t\t\t\t<\/div>\n\t\t","protected":false},"excerpt":{"rendered":"<p>KONZERTE UND KULTURELLE VERANSTALTUNGEN Seit ihrer Gr\u00fcndung organisiert die Stiftung auf eigene Initiative oder in Zusammenarbeit mit Puschlaver Kulturvereinen Konzerte und andere Veranstaltungen. Renommierte K\u00fcnstlerinnen<a class=\"moretag\" href=\"https:\/\/www.museocasaconsole.ch\/?page_id=5911&#038;lang=de\"> <\/a><\/p>\n","protected":false},"author":2,"featured_media":0,"parent":0,"menu_order":0,"comment_status":"closed","ping_status":"closed","template":"","meta":{"_themeisle_gutenberg_block_has_review":false,"footnotes":""},"class_list":["post-5911","page","type-page","status-publish","hentry"],"_links":{"self":[{"href":"https:\/\/www.museocasaconsole.ch\/index.php?rest_route=\/wp\/v2\/pages\/5911","targetHints":{"allow":["GET"]}}],"collection":[{"href":"https:\/\/www.museocasaconsole.ch\/index.php?rest_route=\/wp\/v2\/pages"}],"about":[{"href":"https:\/\/www.museocasaconsole.ch\/index.php?rest_route=\/wp\/v2\/types\/page"}],"author":[{"embeddable":true,"href":"https:\/\/www.museocasaconsole.ch\/index.php?rest_route=\/wp\/v2\/users\/2"}],"replies":[{"embeddable":true,"href":"https:\/\/www.museocasaconsole.ch\/index.php?rest_route=%2Fwp%2Fv2%2Fcomments&post=5911"}],"version-history":[{"count":46,"href":"https:\/\/www.museocasaconsole.ch\/index.php?rest_route=\/wp\/v2\/pages\/5911\/revisions"}],"predecessor-version":[{"id":6843,"href":"https:\/\/www.museocasaconsole.ch\/index.php?rest_route=\/wp\/v2\/pages\/5911\/revisions\/6843"}],"wp:attachment":[{"href":"https:\/\/www.museocasaconsole.ch\/index.php?rest_route=%2Fwp%2Fv2%2Fmedia&parent=5911"}],"curies":[{"name":"wp","href":"https:\/\/api.w.org\/{rel}","templated":true}]}}