{"id":5921,"date":"2024-08-15T15:36:25","date_gmt":"2024-08-15T13:36:25","guid":{"rendered":"https:\/\/www.museocasaconsole.ch\/?page_id=5921"},"modified":"2024-10-18T14:24:45","modified_gmt":"2024-10-18T12:24:45","slug":"info","status":"publish","type":"page","link":"https:\/\/www.museocasaconsole.ch\/?page_id=5921&lang=de","title":{"rendered":"INFO"},"content":{"rendered":"\t\t<div data-elementor-type=\"wp-page\" data-elementor-id=\"5921\" class=\"elementor elementor-5921\">\n\t\t\t\t<div class=\"elementor-element elementor-element-9bad31e e-flex e-con-boxed e-con e-parent\" data-id=\"9bad31e\" data-element_type=\"container\" data-e-type=\"container\">\n\t\t\t\t\t<div class=\"e-con-inner\">\n\t\t\t\t<div class=\"elementor-element elementor-element-a9f33a8 elementor-widget elementor-widget-heading\" data-id=\"a9f33a8\" data-element_type=\"widget\" data-e-type=\"widget\" data-widget_type=\"heading.default\">\n\t\t\t\t<div class=\"elementor-widget-container\">\n\t\t\t\t\t<h2 class=\"elementor-heading-title elementor-size-default\">F\u00dcHRUNGEN<\/h2>\t\t\t\t<\/div>\n\t\t\t\t<\/div>\n\t\t\t\t\t<\/div>\n\t\t\t\t<\/div>\n\t\t<div class=\"elementor-element elementor-element-8aa7e63 e-flex e-con-boxed e-con e-parent\" data-id=\"8aa7e63\" data-element_type=\"container\" data-e-type=\"container\">\n\t\t\t\t\t<div class=\"e-con-inner\">\n\t\t\t\t<div class=\"elementor-element elementor-element-5f785fd elementor-widget elementor-widget-text-editor\" data-id=\"5f785fd\" data-element_type=\"widget\" data-e-type=\"widget\" data-widget_type=\"text-editor.default\">\n\t\t\t\t<div class=\"elementor-widget-container\">\n\t\t\t\t\t\t\t\t\t<p>F\u00fcr F\u00fchrungen w\u00e4hrend der \u00d6ffnungszeiten ist eine Reservierung mindestens eine Woche im Voraus erforderlich. Preis pro F\u00fchrung (maximal 15 Personen) CHF 50 + reduzierter Eintrittspreis pro Person. Gegen einen Aufpreis von CHF 50.- (total CHF 100.-) + reduzierter Eintrittspreis pro Person sind auch F\u00fchrungen ausserhalb der \u00d6ffnungszeiten m\u00f6glich.<br \/>Die F\u00fchrungen werden auf Italienisch, Deutsch, Franz\u00f6sisch und Englisch angeboten.<\/p><p>\u00a0<\/p>\t\t\t\t\t\t\t\t<\/div>\n\t\t\t\t<\/div>\n\t\t\t\t\t<\/div>\n\t\t\t\t<\/div>\n\t\t<div class=\"elementor-element elementor-element-a0d8d40 e-flex e-con-boxed e-con e-parent\" data-id=\"a0d8d40\" data-element_type=\"container\" data-e-type=\"container\">\n\t\t\t\t\t<div class=\"e-con-inner\">\n\t\t\t\t<div class=\"elementor-element elementor-element-edbf253 elementor-widget elementor-widget-heading\" data-id=\"edbf253\" data-element_type=\"widget\" data-e-type=\"widget\" data-widget_type=\"heading.default\">\n\t\t\t\t<div class=\"elementor-widget-container\">\n\t\t\t\t\t<h2 class=\"elementor-heading-title elementor-size-default\">WO SIE UNS FINDEN<\/h2>\t\t\t\t<\/div>\n\t\t\t\t<\/div>\n\t\t\t\t\t<\/div>\n\t\t\t\t<\/div>\n\t\t<div class=\"elementor-element elementor-element-9d85ad9 e-flex e-con-boxed e-con e-parent\" data-id=\"9d85ad9\" data-element_type=\"container\" data-e-type=\"container\">\n\t\t\t\t\t<div class=\"e-con-inner\">\n\t\t\t\t<div class=\"elementor-element elementor-element-de93e1f elementor-widget elementor-widget-google_maps\" data-id=\"de93e1f\" data-element_type=\"widget\" data-e-type=\"widget\" data-widget_type=\"google_maps.default\">\n\t\t\t\t<div class=\"elementor-widget-container\">\n\t\t\t\t\t\t\t<div class=\"elementor-custom-embed\">\n\t\t\t<iframe loading=\"lazy\"\n\t\t\t\t\tsrc=\"https:\/\/maps.google.com\/maps?q=Kunstmuseum%20Casa%20Console%20Poschiavo&#038;t=m&#038;z=10&#038;output=embed&#038;iwloc=near\"\n\t\t\t\t\ttitle=\"Kunstmuseum Casa Console Poschiavo\"\n\t\t\t\t\taria-label=\"Kunstmuseum Casa Console Poschiavo\"\n\t\t\t><\/iframe>\n\t\t<\/div>\n\t\t\t\t\t\t<\/div>\n\t\t\t\t<\/div>\n\t\t\t\t\t<\/div>\n\t\t\t\t<\/div>\n\t\t<div class=\"elementor-element elementor-element-f91e07f e-flex e-con-boxed e-con e-parent\" data-id=\"f91e07f\" data-element_type=\"container\" data-e-type=\"container\">\n\t\t\t\t\t<div class=\"e-con-inner\">\n\t\t\t\t\t<\/div>\n\t\t\t\t<\/div>\n\t\t\t\t<\/div>\n\t\t","protected":false},"excerpt":{"rendered":"<p>F\u00dcHRUNGEN F\u00fcr F\u00fchrungen w\u00e4hrend der \u00d6ffnungszeiten ist eine Reservierung mindestens eine Woche im Voraus erforderlich. Preis pro F\u00fchrung (maximal 15 Personen) CHF 50 + reduzierter<a class=\"moretag\" href=\"https:\/\/www.museocasaconsole.ch\/?page_id=5921&#038;lang=de\"> <\/a><\/p>\n","protected":false},"author":2,"featured_media":0,"parent":0,"menu_order":0,"comment_status":"closed","ping_status":"closed","template":"","meta":{"_themeisle_gutenberg_block_has_review":false,"footnotes":""},"class_list":["post-5921","page","type-page","status-publish","hentry"],"_links":{"self":[{"href":"https:\/\/www.museocasaconsole.ch\/index.php?rest_route=\/wp\/v2\/pages\/5921","targetHints":{"allow":["GET"]}}],"collection":[{"href":"https:\/\/www.museocasaconsole.ch\/index.php?rest_route=\/wp\/v2\/pages"}],"about":[{"href":"https:\/\/www.museocasaconsole.ch\/index.php?rest_route=\/wp\/v2\/types\/page"}],"author":[{"embeddable":true,"href":"https:\/\/www.museocasaconsole.ch\/index.php?rest_route=\/wp\/v2\/users\/2"}],"replies":[{"embeddable":true,"href":"https:\/\/www.museocasaconsole.ch\/index.php?rest_route=%2Fwp%2Fv2%2Fcomments&post=5921"}],"version-history":[{"count":25,"href":"https:\/\/www.museocasaconsole.ch\/index.php?rest_route=\/wp\/v2\/pages\/5921\/revisions"}],"predecessor-version":[{"id":6360,"href":"https:\/\/www.museocasaconsole.ch\/index.php?rest_route=\/wp\/v2\/pages\/5921\/revisions\/6360"}],"wp:attachment":[{"href":"https:\/\/www.museocasaconsole.ch\/index.php?rest_route=%2Fwp%2Fv2%2Fmedia&parent=5921"}],"curies":[{"name":"wp","href":"https:\/\/api.w.org\/{rel}","templated":true}]}}