{"id":6144,"date":"2024-10-17T12:17:20","date_gmt":"2024-10-17T10:17:20","guid":{"rendered":"https:\/\/www.museocasaconsole.ch\/?page_id=6144"},"modified":"2025-11-28T14:57:58","modified_gmt":"2025-11-28T13:57:58","slug":"stiftung-und-grunder","status":"publish","type":"page","link":"https:\/\/www.museocasaconsole.ch\/?page_id=6144&lang=de","title":{"rendered":"STIFTUNG"},"content":{"rendered":"\t\t<div data-elementor-type=\"wp-page\" data-elementor-id=\"6144\" class=\"elementor elementor-6144\">\n\t\t\t\t<div class=\"elementor-element elementor-element-759ef2e e-flex e-con-boxed e-con e-parent\" data-id=\"759ef2e\" data-element_type=\"container\" data-e-type=\"container\">\n\t\t\t\t\t<div class=\"e-con-inner\">\n\t\t\t\t\t<\/div>\n\t\t\t\t<\/div>\n\t\t<div class=\"elementor-element elementor-element-cd2d78c e-flex e-con-boxed e-con e-parent\" data-id=\"cd2d78c\" data-element_type=\"container\" data-e-type=\"container\">\n\t\t\t\t\t<div class=\"e-con-inner\">\n\t\t\t\t<div class=\"elementor-element elementor-element-53c48fe elementor-widget elementor-widget-heading\" data-id=\"53c48fe\" data-element_type=\"widget\" data-e-type=\"widget\" data-widget_type=\"heading.default\">\n\t\t\t\t<div class=\"elementor-widget-container\">\n\t\t\t\t\t<h2 class=\"elementor-heading-title elementor-size-default\">DER GR\u00dcNDER<\/h2>\t\t\t\t<\/div>\n\t\t\t\t<\/div>\n\t\t\t\t<div class=\"elementor-element elementor-element-2d8197f elementor-widget elementor-widget-text-editor\" data-id=\"2d8197f\" data-element_type=\"widget\" data-e-type=\"widget\" data-widget_type=\"text-editor.default\">\n\t\t\t\t<div class=\"elementor-widget-container\">\n\t\t\t\t\t\t\t\t\t<p><strong>Ernesto Conrad<\/strong> wurde 1927 in Budapest als Sohn eines ungarischen Vaters und einer deutschst\u00e4mmigen Mutter geboren. Nach einer erfolgreichen Karriere als Mitinhaber einer bedeutenden Verlagsgruppe in M\u00fcnchen zog er in den fr\u00fchen 1980er-Jahren nach Poschiavo.<\/p><p>Im Jahr 2002 gr\u00fcndete er die nach ihm benannte Stiftung, kaufte das Geb\u00e4ude der Casa Console und sorgte daf\u00fcr, dass es rechtzeitig zur Er\u00f6ffnung des Kunstmuseums im Dezember desselben Jahres in neuem Glanz erstrahlte. Die Sammlung wurde in den folgenden Jahren kontinuierlich mit Werken der Romantik erweitert.<\/p><p>Anl\u00e4sslich der Einweihung der Casa Console verlieh die Gemeinde Poschiavo Ernesto Conrad die Ehrenb\u00fcrgerschaft.<\/p>\t\t\t\t\t\t\t\t<\/div>\n\t\t\t\t<\/div>\n\t\t\t\t<div class=\"elementor-element elementor-element-acc37ce elementor-widget__width-initial elementor-widget elementor-widget-image\" data-id=\"acc37ce\" data-element_type=\"widget\" data-e-type=\"widget\" data-widget_type=\"image.default\">\n\t\t\t\t<div class=\"elementor-widget-container\">\n\t\t\t\t\t\t\t\t\t\t\t\t\t\t\t<img fetchpriority=\"high\" decoding=\"async\" width=\"747\" height=\"527\" src=\"https:\/\/www.museocasaconsole.ch\/wp-content\/uploads\/2024\/10\/AMH14313-1024x722.jpg\" class=\"attachment-large size-large wp-image-6166\" alt=\"\" srcset=\"https:\/\/www.museocasaconsole.ch\/wp-content\/uploads\/2024\/10\/AMH14313-1024x722.jpg 1024w, https:\/\/www.museocasaconsole.ch\/wp-content\/uploads\/2024\/10\/AMH14313-1536x1083.jpg 1536w, https:\/\/www.museocasaconsole.ch\/wp-content\/uploads\/2024\/10\/AMH14313-2048x1444.jpg 2048w, https:\/\/www.museocasaconsole.ch\/wp-content\/uploads\/2024\/10\/AMH14313-300x211.jpg 300w, https:\/\/www.museocasaconsole.ch\/wp-content\/uploads\/2024\/10\/AMH14313-768x541.jpg 768w, https:\/\/www.museocasaconsole.ch\/wp-content\/uploads\/2024\/10\/AMH14313-120x85.jpg 120w\" sizes=\"(max-width: 747px) 100vw, 747px\" \/>\t\t\t\t\t\t\t\t\t\t\t\t\t\t\t<\/div>\n\t\t\t\t<\/div>\n\t\t\t\t<div class=\"elementor-element elementor-element-cb098e0 elementor-widget elementor-widget-heading\" data-id=\"cb098e0\" data-element_type=\"widget\" data-e-type=\"widget\" data-widget_type=\"heading.default\">\n\t\t\t\t<div class=\"elementor-widget-container\">\n\t\t\t\t\t<h2 class=\"elementor-heading-title elementor-size-default\">DIE STIFTUNG<\/h2>\t\t\t\t<\/div>\n\t\t\t\t<\/div>\n\t\t\t\t<div class=\"elementor-element elementor-element-e18eaf8 elementor-widget elementor-widget-text-editor\" data-id=\"e18eaf8\" data-element_type=\"widget\" data-e-type=\"widget\" data-widget_type=\"text-editor.default\">\n\t\t\t\t<div class=\"elementor-widget-container\">\n\t\t\t\t\t\t\t\t\t<p><strong>Ein Blick in die Geschichte<\/strong><\/p><p>Die Stiftung hinter der Casa Console und ihren kulturellen Aktivit\u00e4ten wurde 2002 von Ernesto Conrad gegr\u00fcndet. Dieser hatte im Laufe der Jahre zahlreiche wertvolle Kunstwerke gesammelt und wollte ihnen nun einen w\u00fcrdigen Ausstellungsort schaffen: Er kaufte die Casa Console und liess sie sorgf\u00e4ltig restaurieren.<\/p><p>Die Aktivit\u00e4ten der Stiftung beschr\u00e4nken sich nicht auf die Ausstellung der \u00a0Kunstwerke aus dem Besitz des Museums. So finden in der Casa Console das ganze Jahr \u00fcber auch verschiedenste Kulturveranstaltungen statt.<\/p>\t\t\t\t\t\t\t\t<\/div>\n\t\t\t\t<\/div>\n\t\t\t\t\t<\/div>\n\t\t\t\t<\/div>\n\t\t<div class=\"elementor-element elementor-element-4206eec e-flex e-con-boxed e-con e-parent\" data-id=\"4206eec\" data-element_type=\"container\" data-e-type=\"container\">\n\t\t\t\t\t<div class=\"e-con-inner\">\n\t\t\t\t<div class=\"elementor-element elementor-element-6122b26 elementor-widget elementor-widget-heading\" data-id=\"6122b26\" data-element_type=\"widget\" data-e-type=\"widget\" data-widget_type=\"heading.default\">\n\t\t\t\t<div class=\"elementor-widget-container\">\n\t\t\t\t\t<h2 class=\"elementor-heading-title elementor-size-default\">DER STIFUTUNGSRAT <\/h2>\t\t\t\t<\/div>\n\t\t\t\t<\/div>\n\t\t\t\t\t<\/div>\n\t\t\t\t<\/div>\n\t\t<div class=\"elementor-element elementor-element-86b9448 e-flex e-con-boxed e-con e-parent\" data-id=\"86b9448\" data-element_type=\"container\" data-e-type=\"container\">\n\t\t\t\t\t<div class=\"e-con-inner\">\n\t\t\t\t<div class=\"elementor-element elementor-element-d25d9a9 elementor-widget elementor-widget-text-editor\" data-id=\"d25d9a9\" data-element_type=\"widget\" data-e-type=\"widget\" data-widget_type=\"text-editor.default\">\n\t\t\t\t<div class=\"elementor-widget-container\">\n\t\t\t\t\t\t\t\t\t<p>Ilario Bondolfi, Pr\u00e4sident<br \/>Gian Casper Bott, Ratsmitglied<br \/>Tino Zanetti, Ratsmitglied<\/p>\n<p><\/p>\t\t\t\t\t\t\t\t<\/div>\n\t\t\t\t<\/div>\n\t\t\t\t\t<\/div>\n\t\t\t\t<\/div>\n\t\t<div class=\"elementor-element elementor-element-f61778c e-flex e-con-boxed e-con e-parent\" data-id=\"f61778c\" data-element_type=\"container\" data-e-type=\"container\">\n\t\t\t\t\t<div class=\"e-con-inner\">\n\t\t\t\t\t<\/div>\n\t\t\t\t<\/div>\n\t\t\t\t<\/div>\n\t\t","protected":false},"excerpt":{"rendered":"<p>DER GR\u00dcNDER Ernesto Conrad wurde 1927 in Budapest als Sohn eines ungarischen Vaters und einer deutschst\u00e4mmigen Mutter geboren. Nach einer erfolgreichen Karriere als Mitinhaber einer<a class=\"moretag\" href=\"https:\/\/www.museocasaconsole.ch\/?page_id=6144&#038;lang=de\"> <\/a><\/p>\n","protected":false},"author":2,"featured_media":0,"parent":0,"menu_order":0,"comment_status":"closed","ping_status":"closed","template":"","meta":{"_themeisle_gutenberg_block_has_review":false,"footnotes":""},"class_list":["post-6144","page","type-page","status-publish","hentry"],"_links":{"self":[{"href":"https:\/\/www.museocasaconsole.ch\/index.php?rest_route=\/wp\/v2\/pages\/6144","targetHints":{"allow":["GET"]}}],"collection":[{"href":"https:\/\/www.museocasaconsole.ch\/index.php?rest_route=\/wp\/v2\/pages"}],"about":[{"href":"https:\/\/www.museocasaconsole.ch\/index.php?rest_route=\/wp\/v2\/types\/page"}],"author":[{"embeddable":true,"href":"https:\/\/www.museocasaconsole.ch\/index.php?rest_route=\/wp\/v2\/users\/2"}],"replies":[{"embeddable":true,"href":"https:\/\/www.museocasaconsole.ch\/index.php?rest_route=%2Fwp%2Fv2%2Fcomments&post=6144"}],"version-history":[{"count":41,"href":"https:\/\/www.museocasaconsole.ch\/index.php?rest_route=\/wp\/v2\/pages\/6144\/revisions"}],"predecessor-version":[{"id":6795,"href":"https:\/\/www.museocasaconsole.ch\/index.php?rest_route=\/wp\/v2\/pages\/6144\/revisions\/6795"}],"wp:attachment":[{"href":"https:\/\/www.museocasaconsole.ch\/index.php?rest_route=%2Fwp%2Fv2%2Fmedia&parent=6144"}],"curies":[{"name":"wp","href":"https:\/\/api.w.org\/{rel}","templated":true}]}}